{"id":8210,"date":"2024-03-20T13:15:40","date_gmt":"2024-03-20T16:15:40","guid":{"rendered":"https:\/\/explosaenergia.cl\/?post_type=product&#038;p=8210"},"modified":"2024-12-17T09:40:30","modified_gmt":"2024-12-17T12:40:30","slug":"carro-solar-iluminacion-2","status":"publish","type":"product","link":"https:\/\/explosamaestranza.cl\/es\/producto\/carro-solar-iluminacion-2\/","title":{"rendered":"Carro Solar Iluminaci\u00f3n 2 DS43"},"content":{"rendered":"<p><strong>Carro Solar Iluminaci\u00f3n 2 DS43<\/strong><\/p>\n<p>Torre de iluminaci\u00f3n solar LED aut\u00f3noma y silenciosa. Esta soluci\u00f3n no necesita combustible, aceite ni posee partes rotativas como los generadores a combusti\u00f3n, es libre de contaminaci\u00f3n y opera en corriente continua en 24 o 48V por lo cual esta libre de riesgos de electrocuci\u00f3n por parte del operador.<br \/>\nEl concepto principal de trabajo es acumular energ\u00eda durante el d\u00eda a trav\u00e9s de paneles solares fotovoltaicos para luego almacenarla en un banco de bater\u00edas\u00a0de Gel (libres de mantenci\u00f3n), las cuales proveer\u00e1n energ\u00eda para iluminar hasta 12 horas de forma continua.<br \/>\nLa luminosidad que entrega esta torre es de 20.000 l\u00famenes y la altura del m\u00e1stil es de 6 metros.<br \/>\n<b>Aplicaciones de la Torre de Iluminaci\u00f3n\u00a0<\/b><strong>Aut\u00f3noma<\/strong><b>:<\/b><br \/>\nEste tipo de carros solares es ideal para iluminaci\u00f3n nocturna de faenas mineras, construcci\u00f3n, autopistas, industria y eventos en general.<\/p>\n<p>&nbsp;<\/p>","protected":false},"excerpt":{"rendered":"<p><strong>La Torre de Iluminaci\u00f3n Solar Incluye:<\/strong><br \/>\n2 Proyectores LED 100W 12\/24V DS-43<br \/>\n3 Panel Solar 335Wp<br \/>\n1 Controlador MPPT 100V 40A<br \/>\n2 Bater\u00eda de Ciclo Profundo 250Ah Gel, libre mantenci\u00f3n<br \/>\n1 Conector fotovoltaico tipo MC4<br \/>\n1 Conector triple fotovoltaico tipo MC4 3T<br \/>\n6 Cable Borne Bater\u00eda<br \/>\n1 Tablero DC con Protecciones para Paneles, Bater\u00edas, Controlador y Cargas<\/p>\n<p>1 Tablero AC con Protecciones para 220V<br \/>\n1 Carro de Arrastre con Soporte Porta Panel y Torre de Iluminaci\u00f3n<br \/>\n<strong>Especificaciones Carro de Arrastre:<\/strong><br \/>\nCarro Galvanizado con Gabinete porta Bater\u00edas y Tableros El\u00e9ctricos<br \/>\nM\u00e1stil: Torre de 5 Metros Retr\u00e1ctil, accionada con huinche manual con trinquete (freno)<br \/>\nPlataforma \u00datil: 1800x1200mm<br \/>\nEnchufe Europeo de 7 Posiciones<br \/>\nPiso Plancha de Acero Galvanizada<br \/>\nCapacidad: 500 kg.<br \/>\nN\u00famero de Ejes 1<br \/>\nTorsi\u00f3n 750 kg.<br \/>\nMano de Acople 2\u201d<br \/>\nRuedas Aro 13\u201d, s\/Repuesto<br \/>\n<strong>Otros:<\/strong><br \/>\n2 Patas Mordaza<br \/>\n1 Rueda Maniobra<br \/>\n2 Foco Led Triple, Ambar<\/p>","protected":false},"featured_media":8404,"comment_status":"open","ping_status":"closed","template":"","meta":{"_acf_changed":false},"product_brand":[],"product_cat":[414],"product_tag":[],"class_list":{"0":"post-8210","1":"product","2":"type-product","3":"status-publish","4":"has-post-thumbnail","6":"product_cat-soluciones-energia-solar","8":"first","9":"instock","10":"taxable","11":"shipping-taxable","12":"purchasable","13":"product-type-simple"},"acf":[],"yoast_head":"<!-- This site is optimized with the Yoast SEO plugin v26.2 - https:\/\/yoast.com\/wordpress\/plugins\/seo\/ -->\n<title>Carro Solar Iluminaci\u00f3n 2 DS43 - Explosa Maestranza<\/title>\n<meta name=\"description\" content=\"Carro Solar Iluminaci\u00f3n 2 Torre de iluminaci\u00f3n LED aut\u00f3noma y silenciosa. Este tipo de soluci\u00f3n no necesita \u00a0de combustible.\" \/>\n<meta name=\"robots\" content=\"noindex, follow, max-snippet:-1, max-image-preview:large, max-video-preview:-1\" \/>\n<meta property=\"og:locale\" content=\"es_ES\" \/>\n<meta property=\"og:type\" content=\"article\" \/>\n<meta property=\"og:title\" content=\"Carro Solar Iluminaci\u00f3n 2 DS43 - Explosa Maestranza\" \/>\n<meta property=\"og:description\" content=\"Carro Solar Iluminaci\u00f3n 2 Torre de iluminaci\u00f3n LED aut\u00f3noma y silenciosa. Este tipo de soluci\u00f3n no necesita \u00a0de combustible.\" \/>\n<meta property=\"og:url\" content=\"https:\/\/explosamaestranza.cl\/es\/producto\/carro-solar-iluminacion-2\/\" \/>\n<meta property=\"og:site_name\" content=\"Explosa Maestranza\" \/>\n<meta property=\"article:modified_time\" content=\"2024-12-17T12:40:30+00:00\" \/>\n<meta property=\"og:image\" content=\"https:\/\/explosamaestranza.cl\/wp-content\/uploads\/2024\/03\/Carro-Solar-Iluminacion-2-DS43.jpg\" \/>\n\t<meta property=\"og:image:width\" content=\"1501\" \/>\n\t<meta property=\"og:image:height\" content=\"1501\" \/>\n\t<meta property=\"og:image:type\" content=\"image\/jpeg\" \/>\n<meta name=\"twitter:card\" content=\"summary_large_image\" \/>\n<meta name=\"twitter:label1\" content=\"Tiempo estimado de lectura\" \/>\n\t<meta name=\"twitter:data1\" content=\"1 minuto\" \/>\n<script type=\"application\/ld+json\" class=\"yoast-schema-graph\">{\"@context\":\"https:\/\/schema.org\",\"@graph\":[{\"@type\":\"WebPage\",\"@id\":\"https:\/\/explosamaestranza.cl\/producto\/carro-solar-iluminacion-2\/\",\"url\":\"https:\/\/explosamaestranza.cl\/producto\/carro-solar-iluminacion-2\/\",\"name\":\"Carro Solar Iluminaci\u00f3n 2 DS43 - Explosa Maestranza\",\"isPartOf\":{\"@id\":\"https:\/\/explosamaestranza.cl\/#website\"},\"primaryImageOfPage\":{\"@id\":\"https:\/\/explosamaestranza.cl\/producto\/carro-solar-iluminacion-2\/#primaryimage\"},\"image\":{\"@id\":\"https:\/\/explosamaestranza.cl\/producto\/carro-solar-iluminacion-2\/#primaryimage\"},\"thumbnailUrl\":\"https:\/\/explosamaestranza.cl\/wp-content\/uploads\/2024\/03\/Carro-Solar-Iluminacion-2-DS43.jpg\",\"datePublished\":\"2024-03-20T16:15:40+00:00\",\"dateModified\":\"2024-12-17T12:40:30+00:00\",\"description\":\"Carro Solar Iluminaci\u00f3n 2 Torre de iluminaci\u00f3n LED aut\u00f3noma y silenciosa. Este tipo de soluci\u00f3n no necesita \u00a0de combustible.\",\"breadcrumb\":{\"@id\":\"https:\/\/explosamaestranza.cl\/producto\/carro-solar-iluminacion-2\/#breadcrumb\"},\"inLanguage\":\"es-CL\",\"potentialAction\":[{\"@type\":\"ReadAction\",\"target\":[\"https:\/\/explosamaestranza.cl\/producto\/carro-solar-iluminacion-2\/\"]}]},{\"@type\":\"ImageObject\",\"inLanguage\":\"es-CL\",\"@id\":\"https:\/\/explosamaestranza.cl\/producto\/carro-solar-iluminacion-2\/#primaryimage\",\"url\":\"https:\/\/explosamaestranza.cl\/wp-content\/uploads\/2024\/03\/Carro-Solar-Iluminacion-2-DS43.jpg\",\"contentUrl\":\"https:\/\/explosamaestranza.cl\/wp-content\/uploads\/2024\/03\/Carro-Solar-Iluminacion-2-DS43.jpg\",\"width\":1501,\"height\":1501},{\"@type\":\"BreadcrumbList\",\"@id\":\"https:\/\/explosamaestranza.cl\/producto\/carro-solar-iluminacion-2\/#breadcrumb\",\"itemListElement\":[{\"@type\":\"ListItem\",\"position\":1,\"name\":\"Portada\",\"item\":\"https:\/\/explosamaestranza.cl\/\"},{\"@type\":\"ListItem\",\"position\":2,\"name\":\"Tienda\",\"item\":\"https:\/\/explosamaestranza.cl\/tienda\/\"},{\"@type\":\"ListItem\",\"position\":3,\"name\":\"Carro Solar Iluminaci\u00f3n 2 DS43\"}]},{\"@type\":\"WebSite\",\"@id\":\"https:\/\/explosamaestranza.cl\/#website\",\"url\":\"https:\/\/explosamaestranza.cl\/\",\"name\":\"Explosa Energ\u00eda\",\"description\":\"Explosa Maestranza\",\"publisher\":{\"@id\":\"https:\/\/explosamaestranza.cl\/#organization\"},\"potentialAction\":[{\"@type\":\"SearchAction\",\"target\":{\"@type\":\"EntryPoint\",\"urlTemplate\":\"https:\/\/explosamaestranza.cl\/?s={search_term_string}\"},\"query-input\":{\"@type\":\"PropertyValueSpecification\",\"valueRequired\":true,\"valueName\":\"search_term_string\"}}],\"inLanguage\":\"es-CL\"},{\"@type\":\"Organization\",\"@id\":\"https:\/\/explosamaestranza.cl\/#organization\",\"name\":\"Explosa Energ\u00eda\",\"url\":\"https:\/\/explosamaestranza.cl\/\",\"logo\":{\"@type\":\"ImageObject\",\"inLanguage\":\"es-CL\",\"@id\":\"https:\/\/explosamaestranza.cl\/#\/schema\/logo\/image\/\",\"url\":\"https:\/\/explosamaestranza.cl\/wp-content\/uploads\/2024\/05\/logo-maestranza-01.png\",\"contentUrl\":\"https:\/\/explosamaestranza.cl\/wp-content\/uploads\/2024\/05\/logo-maestranza-01.png\",\"width\":1206,\"height\":352,\"caption\":\"Explosa Energ\u00eda\"},\"image\":{\"@id\":\"https:\/\/explosamaestranza.cl\/#\/schema\/logo\/image\/\"}}]}<\/script>\n<!-- \/ Yoast SEO plugin. -->","yoast_head_json":{"title":"Carro Solar Iluminaci\u00f3n 2 DS43 - Explosa Maestranza","description":"Carro Solar Iluminaci\u00f3n 2 Torre de iluminaci\u00f3n LED aut\u00f3noma y silenciosa. Este tipo de soluci\u00f3n no necesita \u00a0de combustible.","robots":{"index":"noindex","follow":"follow","max-snippet":"max-snippet:-1","max-image-preview":"max-image-preview:large","max-video-preview":"max-video-preview:-1"},"og_locale":"es_ES","og_type":"article","og_title":"Carro Solar Iluminaci\u00f3n 2 DS43 - Explosa Maestranza","og_description":"Carro Solar Iluminaci\u00f3n 2 Torre de iluminaci\u00f3n LED aut\u00f3noma y silenciosa. Este tipo de soluci\u00f3n no necesita \u00a0de combustible.","og_url":"https:\/\/explosamaestranza.cl\/es\/producto\/carro-solar-iluminacion-2\/","og_site_name":"Explosa Maestranza","article_modified_time":"2024-12-17T12:40:30+00:00","og_image":[{"width":1501,"height":1501,"url":"https:\/\/explosamaestranza.cl\/wp-content\/uploads\/2024\/03\/Carro-Solar-Iluminacion-2-DS43.jpg","type":"image\/jpeg"}],"twitter_card":"summary_large_image","twitter_misc":{"Tiempo estimado de lectura":"1 minuto"},"schema":{"@context":"https:\/\/schema.org","@graph":[{"@type":"WebPage","@id":"https:\/\/explosamaestranza.cl\/producto\/carro-solar-iluminacion-2\/","url":"https:\/\/explosamaestranza.cl\/producto\/carro-solar-iluminacion-2\/","name":"Carro Solar Iluminaci\u00f3n 2 DS43 - Explosa Maestranza","isPartOf":{"@id":"https:\/\/explosamaestranza.cl\/#website"},"primaryImageOfPage":{"@id":"https:\/\/explosamaestranza.cl\/producto\/carro-solar-iluminacion-2\/#primaryimage"},"image":{"@id":"https:\/\/explosamaestranza.cl\/producto\/carro-solar-iluminacion-2\/#primaryimage"},"thumbnailUrl":"https:\/\/explosamaestranza.cl\/wp-content\/uploads\/2024\/03\/Carro-Solar-Iluminacion-2-DS43.jpg","datePublished":"2024-03-20T16:15:40+00:00","dateModified":"2024-12-17T12:40:30+00:00","description":"Carro Solar Iluminaci\u00f3n 2 Torre de iluminaci\u00f3n LED aut\u00f3noma y silenciosa. Este tipo de soluci\u00f3n no necesita \u00a0de combustible.","breadcrumb":{"@id":"https:\/\/explosamaestranza.cl\/producto\/carro-solar-iluminacion-2\/#breadcrumb"},"inLanguage":"es-CL","potentialAction":[{"@type":"ReadAction","target":["https:\/\/explosamaestranza.cl\/producto\/carro-solar-iluminacion-2\/"]}]},{"@type":"ImageObject","inLanguage":"es-CL","@id":"https:\/\/explosamaestranza.cl\/producto\/carro-solar-iluminacion-2\/#primaryimage","url":"https:\/\/explosamaestranza.cl\/wp-content\/uploads\/2024\/03\/Carro-Solar-Iluminacion-2-DS43.jpg","contentUrl":"https:\/\/explosamaestranza.cl\/wp-content\/uploads\/2024\/03\/Carro-Solar-Iluminacion-2-DS43.jpg","width":1501,"height":1501},{"@type":"BreadcrumbList","@id":"https:\/\/explosamaestranza.cl\/producto\/carro-solar-iluminacion-2\/#breadcrumb","itemListElement":[{"@type":"ListItem","position":1,"name":"Portada","item":"https:\/\/explosamaestranza.cl\/"},{"@type":"ListItem","position":2,"name":"Tienda","item":"https:\/\/explosamaestranza.cl\/tienda\/"},{"@type":"ListItem","position":3,"name":"Carro Solar Iluminaci\u00f3n 2 DS43"}]},{"@type":"WebSite","@id":"https:\/\/explosamaestranza.cl\/#website","url":"https:\/\/explosamaestranza.cl\/","name":"Explosa Energ\u00eda","description":"Explosa Maestranza","publisher":{"@id":"https:\/\/explosamaestranza.cl\/#organization"},"potentialAction":[{"@type":"SearchAction","target":{"@type":"EntryPoint","urlTemplate":"https:\/\/explosamaestranza.cl\/?s={search_term_string}"},"query-input":{"@type":"PropertyValueSpecification","valueRequired":true,"valueName":"search_term_string"}}],"inLanguage":"es-CL"},{"@type":"Organization","@id":"https:\/\/explosamaestranza.cl\/#organization","name":"Explosa Energ\u00eda","url":"https:\/\/explosamaestranza.cl\/","logo":{"@type":"ImageObject","inLanguage":"es-CL","@id":"https:\/\/explosamaestranza.cl\/#\/schema\/logo\/image\/","url":"https:\/\/explosamaestranza.cl\/wp-content\/uploads\/2024\/05\/logo-maestranza-01.png","contentUrl":"https:\/\/explosamaestranza.cl\/wp-content\/uploads\/2024\/05\/logo-maestranza-01.png","width":1206,"height":352,"caption":"Explosa Energ\u00eda"},"image":{"@id":"https:\/\/explosamaestranza.cl\/#\/schema\/logo\/image\/"}}]}},"jetpack_sharing_enabled":true,"_links":{"self":[{"href":"https:\/\/explosamaestranza.cl\/es\/wp-json\/wp\/v2\/product\/8210","targetHints":{"allow":["GET"]}}],"collection":[{"href":"https:\/\/explosamaestranza.cl\/es\/wp-json\/wp\/v2\/product"}],"about":[{"href":"https:\/\/explosamaestranza.cl\/es\/wp-json\/wp\/v2\/types\/product"}],"replies":[{"embeddable":true,"href":"https:\/\/explosamaestranza.cl\/es\/wp-json\/wp\/v2\/comments?post=8210"}],"version-history":[{"count":1,"href":"https:\/\/explosamaestranza.cl\/es\/wp-json\/wp\/v2\/product\/8210\/revisions"}],"predecessor-version":[{"id":8212,"href":"https:\/\/explosamaestranza.cl\/es\/wp-json\/wp\/v2\/product\/8210\/revisions\/8212"}],"wp:featuredmedia":[{"embeddable":true,"href":"https:\/\/explosamaestranza.cl\/es\/wp-json\/wp\/v2\/media\/8404"}],"wp:attachment":[{"href":"https:\/\/explosamaestranza.cl\/es\/wp-json\/wp\/v2\/media?parent=8210"}],"wp:term":[{"taxonomy":"product_brand","embeddable":true,"href":"https:\/\/explosamaestranza.cl\/es\/wp-json\/wp\/v2\/product_brand?post=8210"},{"taxonomy":"product_cat","embeddable":true,"href":"https:\/\/explosamaestranza.cl\/es\/wp-json\/wp\/v2\/product_cat?post=8210"},{"taxonomy":"product_tag","embeddable":true,"href":"https:\/\/explosamaestranza.cl\/es\/wp-json\/wp\/v2\/product_tag?post=8210"}],"curies":[{"name":"wp","href":"https:\/\/api.w.org\/{rel}","templated":true}]}}